{"id":1843,"date":"2025-10-03T15:14:52","date_gmt":"2025-10-03T15:14:52","guid":{"rendered":"https:\/\/ncbc.matrix-test.com\/?page_id=1843"},"modified":"2026-03-31T07:16:07","modified_gmt":"2026-03-31T07:16:07","slug":"politica-de-privacidad","status":"publish","type":"page","link":"https:\/\/solnua.com\/es\/politica-de-privacidad\/","title":{"rendered":"Pol\u00edtica de Privacidad"},"content":{"rendered":"<p><span style=\"font-weight: 400;\">En Munster Bovine (\u00abMB\u00bb), priorizamos la protecci\u00f3n de sus datos personales. Nos comprometemos a garantizar la seguridad de sus datos y a tratarlos de conformidad con la legislaci\u00f3n vigente en materia de protecci\u00f3n de datos. Esto incluye la Ley de Protecci\u00f3n de Datos de 2018, que se ajusta al Reglamento General de Protecci\u00f3n de Datos (RGPD) europeo, en vigor desde el 25 de mayo de 2018. Nuestra Pol\u00edtica de Privacidad describe las bases sobre las que se procesar\u00e1 la informaci\u00f3n personal que recopilemos de usted o que usted nos proporcione, de acuerdo con estas leyes y nuestros T\u00e9rminos y Condiciones.<\/span><\/p>\n<p><span style=\"font-weight: 400;\">Para obtener m\u00e1s informaci\u00f3n sobre c\u00f3mo utilizamos las cookies y tecnolog\u00edas similares, consulte nuestra <\/span><span style=\"font-weight: 400;\"><a href=\"https:\/\/solnua.com\/es\/politica-de-cookies\/\">Pol\u00edtica de Cookies<\/a>.<\/span><\/p>\n<p><b>Finalidad<\/b><\/p>\n<p><span style=\"font-weight: 400;\">Esta pol\u00edtica establece los requisitos generales de privacidad para la informaci\u00f3n capturada o generada por las operaciones, sistemas, dispositivos de red o comunicaciones de Munster Bovine, incluidos los sistemas y dispositivos involucrados en la transmisi\u00f3n y el almacenamiento de datos de voz. Asimismo, delimita las condiciones en las que se puede divulgar la Informaci\u00f3n de Identificaci\u00f3n Personal (IIP), de conformidad con los art\u00edculos 5(1)(c) y 5(1)(b) del RGPD.<\/span><\/p>\n<p><b>\u00c1mbito de aplicaci\u00f3n<\/b><\/p>\n<p><span style=\"font-weight: 400;\">Esta pol\u00edtica se aplica a todo el personal de Munster Bovine que crea, implementa o presta soporte a la informaci\u00f3n recopilada o procesada por Munster Bovine, garantizando el cumplimiento de los art\u00edculos 15 a 22 del RGPD en materia de derechos del interesado.<\/span><\/p>\n<p><b>Pol\u00edtica<\/b><\/p>\n<p><b>Informaci\u00f3n que recopilamos<\/b><\/p>\n<p><span style=\"font-weight: 400;\">Nuestro objetivo es proporcionar el mejor servicio posible, lo que requiere la recopilaci\u00f3n de datos personales para determinados procesos, como la prestaci\u00f3n de servicios y las consultas sobre nuestros servicios y productos.<\/span><\/p>\n<p><span style=\"font-weight: 400;\">Los datos que recopilamos pueden incluir:<\/span><\/p>\n<p><span style=\"font-weight: 400;\">Informaci\u00f3n personal (nombre, direcci\u00f3n, correo electr\u00f3nico, n\u00fameros de tel\u00e9fono).<\/span><\/p>\n<p><span style=\"font-weight: 400;\">Informaci\u00f3n de nuestro formulario de registro de clientes.<\/span><\/p>\n<p><span style=\"font-weight: 400;\">Datos relacionados con la prestaci\u00f3n de nuestros servicios y encuestas\/ofertas para clientes.<\/span><\/p>\n<p><b>Qu\u00e9 hacemos con sus datos<\/b><\/p>\n<p><span style=\"font-weight: 400;\">Principalmente, utilizamos los datos que recopilamos para asegurarnos de brindarle los mejores productos y servicios que satisfagan sus necesidades espec\u00edficas y para ofrecer una gesti\u00f3n de cuenta m\u00e1s eficiente.<\/span><\/p>\n<p><span style=\"font-weight: 400;\">Tambi\u00e9n los utilizamos para mantenerle informado sobre cambios, proporcionarle material promocional, gestionar pedidos y facturas, cumplir con nuestras obligaciones, realizar verificaciones de cr\u00e9dito y analizar datos para mejorar nuestros servicios.<\/span><\/p>\n<p><b>Sus datos personales y terceros<\/b><\/p>\n<p><span style=\"font-weight: 400;\">En ocasiones, contratamos a otras empresas y personas para que trabajen en nuestro nombre para la prestaci\u00f3n de servicios. Por ejemplo, para procesar informaci\u00f3n, analizar datos, cobrar deudas y realizar estudios de mercado. Contratamos a todos los terceros a quienes proporcionamos su informaci\u00f3n para estos fines para que mantengan la confidencialidad de su informaci\u00f3n y respeten la legislaci\u00f3n sobre protecci\u00f3n de datos.<\/span><\/p>\n<p><b>Transferencia internacional de datos<\/b><\/p>\n<p><span style=\"font-weight: 400;\">Podemos transferir su informaci\u00f3n personal fuera del Espacio Econ\u00f3mico Europeo (EEE) para poder ofrecerle nuestros productos y servicios. Esperamos que se aplique el mismo nivel de protecci\u00f3n de datos fuera del EEE a estas transferencias y al uso de la informaci\u00f3n, para garantizar la protecci\u00f3n de sus derechos.<\/span><\/p>\n<p><b>Seguridad<\/b><\/p>\n<p><span style=\"font-weight: 400;\">En MB, la seguridad de sus datos personales es fundamental, por lo que adoptamos las medidas adecuadas para protegerlos. Utilizamos diversas tecnolog\u00edas y procesos de seguridad y hemos implementado procedimientos para salvaguardar y proteger la informaci\u00f3n que conservamos.<\/span><\/p>\n<p><b>C\u00f3mo nos comunicamos<\/b><\/p>\n<p><span style=\"font-weight: 400;\">Cada vez que reciba informaci\u00f3n o un mensaje de marketing, tendr\u00e1 la opci\u00f3n de no recibir m\u00e1s informaci\u00f3n de marketing (opt-out). Por lo tanto, podemos ponernos en contacto con usted por correo postal, tel\u00e9fono, SMS y correo electr\u00f3nico para informarle sobre nuestros productos y servicios. A los clientes existentes se les puede contactar electr\u00f3nicamente con informaci\u00f3n sobre productos y servicios similares.<\/span><\/p>\n<p><b>Cu\u00e1nto tiempo conservamos sus datos personales<\/b><\/p>\n<p><span style=\"font-weight: 400;\">Conservamos sus datos personales durante el tiempo necesario para prestar servicios, gestionar las relaciones y cumplir con las obligaciones legales. Los datos se destruir\u00e1n de forma segura una vez transcurrido el plazo de conservaci\u00f3n.<\/span><\/p>\n<p><b>Control de sus datos personales<\/b><\/p>\n<p><span style=\"font-weight: 400;\">Tiene derecho a oponerse al marketing en cualquier momento, corregir inexactitudes o retirar su consentimiento. Puede dirigirse al Responsable de Protecci\u00f3n de Datos de Munster Bovine, Ballyvorisheen, Mallow, Co. Cork, o escribirle a <\/span><a href=\"mailto:dpo@munsterbovine.ie\"><span style=\"font-weight: 400;\">dpo@munsterbovine.ie<\/span><\/a><span style=\"font-weight: 400;\">.<\/span><\/p>\n<p><b>Acceso a sus datos personales<\/b><\/p>\n<p><span style=\"font-weight: 400;\">Puede solicitar informaci\u00f3n sobre los datos personales que conservamos sobre usted, de conformidad con las Leyes de Protecci\u00f3n de Datos de 1988 y 2003 (en su versi\u00f3n modificada) y el RGPD. Las solicitudes pueden realizarse por correo electr\u00f3nico o por escrito al Responsable de Protecci\u00f3n de Datos.<\/span><\/p>\n<p><b>Aplicaci\u00f3n de la normativa<\/b><\/p>\n<p><span style=\"font-weight: 400;\">Los empleados que infrinjan esta pol\u00edtica, tras una investigaci\u00f3n, podr\u00e1n ser objeto de medidas disciplinarias, incluyendo el despido.<\/span><\/p>\n<p><b>Distribuci\u00f3n<\/b><\/p>\n<p><span style=\"font-weight: 400;\">Esta pol\u00edtica debe distribuirse a todo el personal de Munster Bovine.<\/span><\/p>\n","protected":false},"excerpt":{"rendered":"<p>En Munster Bovine (\u00abMB\u00bb), priorizamos la protecci\u00f3n de sus datos personales. Nos comprometemos a garantizar la seguridad de sus datos y a tratarlos de conformidad con la legislaci\u00f3n vigente en materia de protecci\u00f3n de datos. Esto incluye la Ley de Protecci\u00f3n de Datos de 2018, que se ajusta al Reglamento General de Protecci\u00f3n de Datos [&hellip;]<\/p>\n","protected":false},"author":1,"featured_media":0,"parent":0,"menu_order":0,"comment_status":"closed","ping_status":"closed","template":"","meta":{"_acf_changed":false,"footnotes":""},"class_list":["post-1843","page","type-page","status-publish","hentry"],"acf":[],"_links":{"self":[{"href":"https:\/\/solnua.com\/es\/wp-json\/wp\/v2\/pages\/1843","targetHints":{"allow":["GET"]}}],"collection":[{"href":"https:\/\/solnua.com\/es\/wp-json\/wp\/v2\/pages"}],"about":[{"href":"https:\/\/solnua.com\/es\/wp-json\/wp\/v2\/types\/page"}],"author":[{"embeddable":true,"href":"https:\/\/solnua.com\/es\/wp-json\/wp\/v2\/users\/1"}],"replies":[{"embeddable":true,"href":"https:\/\/solnua.com\/es\/wp-json\/wp\/v2\/comments?post=1843"}],"version-history":[{"count":2,"href":"https:\/\/solnua.com\/es\/wp-json\/wp\/v2\/pages\/1843\/revisions"}],"predecessor-version":[{"id":1845,"href":"https:\/\/solnua.com\/es\/wp-json\/wp\/v2\/pages\/1843\/revisions\/1845"}],"wp:attachment":[{"href":"https:\/\/solnua.com\/es\/wp-json\/wp\/v2\/media?parent=1843"}],"curies":[{"name":"wp","href":"https:\/\/api.w.org\/{rel}","templated":true}]}}