{"id":1559,"date":"2025-10-03T15:06:23","date_gmt":"2025-10-03T15:06:23","guid":{"rendered":"https:\/\/ncbc.matrix-test.com\/cookie-policy\/"},"modified":"2026-02-02T20:51:37","modified_gmt":"2026-02-02T20:51:37","slug":"politica-de-cookies","status":"publish","type":"page","link":"https:\/\/solnua.com\/es\/politica-de-cookies\/","title":{"rendered":"Pol\u00edtica de cookies"},"content":{"rendered":"<p>Para mejorar la experiencia del usuario y ayudarnos a optimizar nuestro sitio web, este sitio utiliza cookies.<\/p>\n<p>Este documento explica qu\u00e9 son las cookies y c\u00f3mo las utilizamos en nuestro sitio.<\/p>\n<h2>Qu\u00e9 son las cookies?<\/h2>\n<p>Las cookies son peque\u00f1os fragmentos de informaci\u00f3n que se almacenan en archivos de texto en el navegador de su ordenador. Algunas cookies pueden ser le\u00eddas por el sitio web en sus visitas posteriores. La informaci\u00f3n almacenada en las cookies generalmente se relaciona con sus h\u00e1bitos de navegaci\u00f3n en este sitio web. Otras cookies, conocidas como cookies de sesi\u00f3n, se eliminan al cerrar el navegador y se relacionan principalmente con los aspectos operativos del sitio web. Solo el sitio que las cre\u00f3 puede acceder a cada cookie.<\/p>\n<h2>Qu\u00e9 cookies utilizamos?<\/h2>\n<p>Este sitio utiliza las siguientes cookies:<\/p>\n<p>Una cookie es un peque\u00f1o fragmento de datos (archivo de texto) que un sitio web, cuando lo visita un usuario, solicita a su navegador que almacene en su dispositivo para recordar informaci\u00f3n sobre usted, como su preferencia de idioma o sus datos de inicio de sesi\u00f3n. Estas cookies las configuramos nosotros y se denominan cookies de origen. Tambi\u00e9n utilizamos cookies de terceros (que son cookies de un dominio distinto al del sitio web que visita) para nuestras campa\u00f1as de publicidad y marketing. En concreto, utilizamos cookies y otras tecnolog\u00edas de seguimiento para los siguientes fines:<\/p>\n<h2>Cookies estrictamente necesarias<\/h2>\n<p>Estas cookies son necesarias para el funcionamiento del sitio web y no se pueden desactivar en nuestros sistemas. Normalmente, solo se instalan en respuesta a acciones que usted realiza, como solicitar servicios, como configurar sus preferencias de privacidad, iniciar sesi\u00f3n o rellenar formularios. Puede configurar su navegador para que bloquee o le avise sobre estas cookies, pero algunas partes del sitio no funcionar\u00e1n. Estas cookies no almacenan informaci\u00f3n personal identificable.<\/p>\n<p>Por ejemplo: OptanonAlertBoxClosed, OptanonConsent, .AspNetCore.Mvc.CookieTempDataProvider, ai_user, ARRAffinity, ARRAffinitySameSite, _GRECAPTCHA.<\/p>\n<h2>Configuraci\u00f3n de cookies<\/h2>\n<h2>Cookies estrictamente necesarias<\/h2>\n<p>Este tipo de cookies son necesarias para el funcionamiento del sitio web o para proporcionarle ciertas funcionalidades esenciales. Este sitio web utiliza cookies para las siguientes funcionalidades:<\/p>\n<p>Cookies de sesi\u00f3n: no almacenan informaci\u00f3n personal y el sitio web las utiliza para conservar el estado de la sesi\u00f3n del visitante en todas las p\u00e1ginas.<\/p>\n<h2>Preferencias<\/h2>\n<p>Banner de cookies: si acepta el uso de cookies a trav\u00e9s del banner, se instalar\u00e1 una cookie que nos permitir\u00e1 recordar su elecci\u00f3n con la fecha y hora de aceptaci\u00f3n. La cookie \u00abcookie_accept\u00bb se puede eliminar desde su configuraci\u00f3n.<\/p>\n<h2>Cookies de terceros<\/h2>\n<p>Algunas cookies pueden ser instaladas en su ordenador por sitios web y sistemas de terceros que utilicemos.<\/p>\n<h2>An\u00e1lisis<\/h2>\n<p>Utilizamos Analytics para obtener informaci\u00f3n en este sitio web. Para garantizar que no almacenamos informaci\u00f3n personal a trav\u00e9s de dichos sistemas, ocultamos la direcci\u00f3n IP del visitante mediante la configuraci\u00f3n de opciones. La informaci\u00f3n proporcionada nos permite comprender mejor de d\u00f3nde provienen los visitantes, qu\u00e9 \u00e1rea de nuestro sitio web les gusta m\u00e1s y algunos de sus comportamientos en \u00e9l.<\/p>\n<p>Todos los navegadores permiten desactivar las cookies o personalizar su configuraci\u00f3n. Si desea cambiar esta configuraci\u00f3n, no dude en hacerlo.<\/p>\n<p>Tenga en cuenta que si desactiva las cookies o cambia su configuraci\u00f3n, es posible que algunas funciones de este sitio no funcionen correctamente.<\/p>\n<script type=\"text\/javascript\" charset=\"UTF-8\" data-cookiescriptreport=\"report\" src=\"\/\/report.cookie-script.com\/r\/a577e594ff3f780f200b35de5e2911be.js\"><\/script>\n","protected":false},"excerpt":{"rendered":"<p>Para mejorar la experiencia del usuario y ayudarnos a optimizar nuestro sitio web, este sitio utiliza cookies. Este documento explica qu\u00e9 son las cookies y c\u00f3mo las utilizamos en nuestro sitio. Qu\u00e9 son las cookies? Las cookies son peque\u00f1os fragmentos de informaci\u00f3n que se almacenan en archivos de texto en el navegador de su ordenador. [&hellip;]<\/p>\n","protected":false},"author":1,"featured_media":0,"parent":0,"menu_order":0,"comment_status":"closed","ping_status":"closed","template":"","meta":{"_acf_changed":false,"footnotes":""},"class_list":["post-1559","page","type-page","status-publish","hentry"],"acf":[],"_links":{"self":[{"href":"https:\/\/solnua.com\/es\/wp-json\/wp\/v2\/pages\/1559","targetHints":{"allow":["GET"]}}],"collection":[{"href":"https:\/\/solnua.com\/es\/wp-json\/wp\/v2\/pages"}],"about":[{"href":"https:\/\/solnua.com\/es\/wp-json\/wp\/v2\/types\/page"}],"author":[{"embeddable":true,"href":"https:\/\/solnua.com\/es\/wp-json\/wp\/v2\/users\/1"}],"replies":[{"embeddable":true,"href":"https:\/\/solnua.com\/es\/wp-json\/wp\/v2\/comments?post=1559"}],"version-history":[{"count":4,"href":"https:\/\/solnua.com\/es\/wp-json\/wp\/v2\/pages\/1559\/revisions"}],"predecessor-version":[{"id":1563,"href":"https:\/\/solnua.com\/es\/wp-json\/wp\/v2\/pages\/1559\/revisions\/1563"}],"wp:attachment":[{"href":"https:\/\/solnua.com\/es\/wp-json\/wp\/v2\/media?parent=1559"}],"curies":[{"name":"wp","href":"https:\/\/api.w.org\/{rel}","templated":true}]}}